{"id":502,"date":"2019-12-09T14:37:27","date_gmt":"2019-12-09T13:37:27","guid":{"rendered":"https:\/\/ilcamino-noerdlingen.de\/impressum\/"},"modified":"2022-01-12T16:43:44","modified_gmt":"2022-01-12T15:43:44","slug":"imprint","status":"publish","type":"page","link":"https:\/\/ilcamino-noerdlingen.de\/en\/imprint\/","title":{"rendered":"Imprint"},"content":{"rendered":"\n<style type=\"text\/css\" data-created_by=\"avia_inline_auto\" id=\"style-css-av-k3zyv7t1-ff8b3677056e989a41950e0a07ff3106\">\n.avia-section.av-k3zyv7t1-ff8b3677056e989a41950e0a07ff3106 .av-parallax .av-parallax-inner{\nbackground-repeat:no-repeat;\nbackground-image:url(https:\/\/ilcamino-noerdlingen.de\/wp-content\/uploads\/2019\/12\/slide-4.jpg);\nbackground-position:50% 50%;\nbackground-attachment:scroll;\n}\n<\/style>\n<div id='av_section_1'  class='avia-section av-k3zyv7t1-ff8b3677056e989a41950e0a07ff3106 alternate_color avia-section-default avia-no-border-styling  avia-builder-el-0  el_before_av_section  avia-builder-el-first  page_title av-parallax-section avia-bg-style-parallax container_wrap fullsize'  data-section-bg-repeat='no-repeat'><div class='av-parallax' data-avia-parallax-ratio='0.3' ><div class='av-parallax-inner alternate_color avia-full-stretch'><\/div><\/div><div class='container av-section-cont-open' ><main  role=\"main\" itemprop=\"mainContentOfPage\"  class='template-page content  av-content-full alpha units'><div class='post-entry post-entry-type-page post-entry-502'><div class='entry-content-wrapper clearfix'>\n\n<style type=\"text\/css\" data-created_by=\"avia_inline_auto\" id=\"style-css-av-k401j4z4-1cfb469ad186f238820deee0382c3b4e\">\n#top .av-special-heading.av-k401j4z4-1cfb469ad186f238820deee0382c3b4e{\npadding-bottom:10px;\n}\nbody .av-special-heading.av-k401j4z4-1cfb469ad186f238820deee0382c3b4e .av-special-heading-tag .heading-char{\nfont-size:25px;\n}\n.av-special-heading.av-k401j4z4-1cfb469ad186f238820deee0382c3b4e .av-subheading{\nfont-size:15px;\n}\n<\/style>\n<div  class='av-special-heading av-k401j4z4-1cfb469ad186f238820deee0382c3b4e av-special-heading-h1 blockquote modern-quote  avia-builder-el-1  avia-builder-el-no-sibling '><h1 class='av-special-heading-tag '  itemprop=\"headline\"  >Impressum<\/h1><div class=\"special-heading-border\"><div class=\"special-heading-inner-border\"><\/div><\/div><\/div>\n<\/div><\/div><\/main><!-- close content main element --><\/div><\/div><div id='av_section_2'  class='avia-section av-2ajp0-64ed82f1a91b80ef8fd3307a78becdcb main_color avia-section-default avia-no-border-styling  avia-builder-el-2  el_after_av_section  avia-builder-el-last  avia-bg-style-scroll container_wrap fullsize'  ><div class='container av-section-cont-open' ><div class='template-page content  av-content-full alpha units'><div class='post-entry post-entry-type-page post-entry-502'><div class='entry-content-wrapper clearfix'>\n\n<style type=\"text\/css\" data-created_by=\"avia_inline_auto\" id=\"style-css-av-1f8m0-bcea3f173dde4a6b2c15f1b74e2ad00a\">\n.flex_column.av-1f8m0-bcea3f173dde4a6b2c15f1b74e2ad00a{\nborder-radius:0px 0px 0px 0px;\npadding:0px 0px 0px 0px;\n}\n<\/style>\n<div  class='flex_column av-1f8m0-bcea3f173dde4a6b2c15f1b74e2ad00a av_one_half  avia-builder-el-3  el_before_av_one_half  avia-builder-el-first  first flex_column_div av-zero-column-padding  '     ><section  class='av_textblock_section av-k4001ihe-a358591e2a1de1067245adcf93f05e43 '   itemscope=\"itemscope\" itemtype=\"https:\/\/schema.org\/CreativeWork\" ><div class='avia_textblock'  itemprop=\"text\" ><p><strong>Angaben gem\u00e4\u00df \u00a7 5 TMG:<\/strong><br \/>\nInh.: Franco Russo und Michele Tardugno GbR<br \/>\nWemdinger Str. 8B<br \/>\n86720 N\u00f6rdlingen<\/p>\n<p>Steuer-Nr.: 152 173 53405<\/p>\n<h2>Haftungsausschluss<\/h2>\n<h3>Haftung f\u00fcr Inhalte<\/h3>\n<p>Als Diensteanbieter sind wir gem\u00e4\u00df \u00a7 7 Abs.1 TMG f\u00fcr eigene Inhalte auf diesen Seiten nach den allgemeinen Gesetzen verantwortlich. Nach \u00a7\u00a7 8 bis 10 TMG sind wir als Diensteanbieter jedoch nicht verpflichtet, \u00fcbermittelte oder gespeicherte fremde Informationen zu \u00fcberwachen oder nach Umst\u00e4nden zu forschen, die auf eine rechtswidrige T\u00e4tigkeit hinweisen. Verpflichtungen zur Entfernung oder Sperrung der Nutzung von Informationen nach den allgemeinen Gesetzen bleiben hiervon unber\u00fchrt. Eine diesbez\u00fcgliche Haftung ist jedoch erst ab dem Zeitpunkt der Kenntnis einer konkreten Rechtsverletzung m\u00f6glich. Bei Bekanntwerden von entsprechenden Rechtsverletzungen werden wir diese Inhalte umgehend entfernen.<\/p>\n<h3>Haftung f\u00fcr Links<\/h3>\n<p>Unser Angebot enth\u00e4lt Links zu externen Webseiten Dritter, auf deren Inhalte wir keinen Einfluss haben. Deshalb k\u00f6nnen wir f\u00fcr diese fremden Inhalte auch keine Gew\u00e4hr \u00fcbernehmen. F\u00fcr die Inhalte der verlinkten Seiten ist stets der jeweilige Anbieter oder Betreiber der Seiten verantwortlich. Die<br \/>\nverlinkten Seiten wurden zum Zeitpunkt der Verlinkung auf m\u00f6gliche Rechtsverst\u00f6\u00dfe \u00fcberpr\u00fcft. Rechtswidrige Inhalte waren zum Zeitpunkt der Verlinkung nicht erkennbar. Eine permanente inhaltliche Kontrolle der verlinkten Seiten ist jedoch ohne konkrete Anhaltspunkte einer Rechtsverletzung nicht zumutbar. Bei Bekanntwerden von Rechtsverletzungen werden wir derartige Links umgehend entfernen.<\/p>\n<h3>Urheberrecht<\/h3>\n<p>Die durch die Seitenbetreiber erstellten Inhalte und Werke auf diesen Seiten unterliegen dem deutschen Urheberrecht. Die Vervielf\u00e4ltigung,<br \/>\nBearbeitung, Verbreitung und jede Art der Verwertung au\u00dferhalb der Grenzen des Urheberrechtes bed\u00fcrfen der schriftlichen Zustimmung des jeweiligen Autors bzw. Erstellers. Downloads und Kopien dieser Seite sind nur f\u00fcr den privaten, nicht kommerziellen Gebrauch gestattet. Soweit die Inhalte auf dieser Seite nicht vom Betreiber erstellt wurden, werden die Urheberrechte Dritter beachtet. Insbesondere werden Inhalte Dritter als solche gekennzeichnet. Sollten Sie trotzdem auf eine Urheberrechtsverletzung aufmerksam werden, bitten wir um einen entsprechenden Hinweis. Bei Bekanntwerden von Rechtsverletzungen werden wir derartige Inhalte umgehend entfernen.<\/p>\n<\/div><\/section><\/div>\n<style type=\"text\/css\" data-created_by=\"avia_inline_auto\" id=\"style-css-av-p060-92c1403263892c2550ca3687ccbb383e\">\n.flex_column.av-p060-92c1403263892c2550ca3687ccbb383e{\nborder-radius:0px 0px 0px 0px;\npadding:0px 0px 0px 0px;\n}\n<\/style>\n<div  class='flex_column av-p060-92c1403263892c2550ca3687ccbb383e av_one_half  avia-builder-el-5  el_after_av_one_half  avia-builder-el-last  flex_column_div av-zero-column-padding  '     ><section  class='av_textblock_section av-k3zzrn29-4c885fb8c7d585fd3d5baa7f105ecac8 '   itemscope=\"itemscope\" itemtype=\"https:\/\/schema.org\/CreativeWork\" ><div class='avia_textblock'  itemprop=\"text\" ><p><strong>KONTAKT<br \/>\n<\/strong>Tel. : 09081 \/ 87598<br \/>\nE-Mail: ilcamino.noerdlingen@gmx.de<\/p>\n<\/div><\/section><\/div><\/p>\n","protected":false},"excerpt":{"rendered":"","protected":false},"author":1,"featured_media":0,"parent":0,"menu_order":0,"comment_status":"closed","ping_status":"closed","template":"","meta":{"_acf_changed":false,"footnotes":""},"class_list":["post-502","page","type-page","status-publish","hentry"],"acf":[],"yoast_head":"<!-- This site is optimized with the Yoast SEO plugin v27.4 - https:\/\/yoast.com\/product\/yoast-seo-wordpress\/ -->\n<title>Imprint - Ristorante il Camino<\/title>\n<meta name=\"robots\" content=\"index, follow, max-snippet:-1, max-image-preview:large, max-video-preview:-1\" \/>\n<link rel=\"canonical\" href=\"https:\/\/ilcamino-noerdlingen.de\/en\/imprint\/\" \/>\n<meta property=\"og:locale\" content=\"en_US\" \/>\n<meta property=\"og:type\" content=\"article\" \/>\n<meta property=\"og:title\" content=\"Imprint - Ristorante il Camino\" \/>\n<meta property=\"og:url\" content=\"https:\/\/ilcamino-noerdlingen.de\/en\/imprint\/\" \/>\n<meta property=\"og:site_name\" content=\"Ristorante il Camino\" \/>\n<meta property=\"article:modified_time\" content=\"2022-01-12T15:43:44+00:00\" \/>\n<meta name=\"twitter:card\" content=\"summary_large_image\" \/>\n<meta name=\"twitter:label1\" content=\"Est. reading time\" \/>\n\t<meta name=\"twitter:data1\" content=\"5 minutes\" \/>\n<script type=\"application\/ld+json\" class=\"yoast-schema-graph\">{\"@context\":\"https:\\\/\\\/schema.org\",\"@graph\":[{\"@type\":\"WebPage\",\"@id\":\"https:\\\/\\\/ilcamino-noerdlingen.de\\\/en\\\/imprint\\\/\",\"url\":\"https:\\\/\\\/ilcamino-noerdlingen.de\\\/en\\\/imprint\\\/\",\"name\":\"Imprint - Ristorante il Camino\",\"isPartOf\":{\"@id\":\"https:\\\/\\\/ilcamino-noerdlingen.de\\\/#website\"},\"datePublished\":\"2019-12-09T13:37:27+00:00\",\"dateModified\":\"2022-01-12T15:43:44+00:00\",\"breadcrumb\":{\"@id\":\"https:\\\/\\\/ilcamino-noerdlingen.de\\\/en\\\/imprint\\\/#breadcrumb\"},\"inLanguage\":\"en-US\",\"potentialAction\":[{\"@type\":\"ReadAction\",\"target\":[\"https:\\\/\\\/ilcamino-noerdlingen.de\\\/en\\\/imprint\\\/\"]}]},{\"@type\":\"BreadcrumbList\",\"@id\":\"https:\\\/\\\/ilcamino-noerdlingen.de\\\/en\\\/imprint\\\/#breadcrumb\",\"itemListElement\":[{\"@type\":\"ListItem\",\"position\":1,\"name\":\"Startseite\",\"item\":\"https:\\\/\\\/ilcamino-noerdlingen.de\\\/en\\\/home\\\/\"},{\"@type\":\"ListItem\",\"position\":2,\"name\":\"Imprint\"}]},{\"@type\":\"WebSite\",\"@id\":\"https:\\\/\\\/ilcamino-noerdlingen.de\\\/#website\",\"url\":\"https:\\\/\\\/ilcamino-noerdlingen.de\\\/\",\"name\":\"Ristorante il Camino\",\"description\":\"\",\"potentialAction\":[{\"@type\":\"SearchAction\",\"target\":{\"@type\":\"EntryPoint\",\"urlTemplate\":\"https:\\\/\\\/ilcamino-noerdlingen.de\\\/?s={search_term_string}\"},\"query-input\":{\"@type\":\"PropertyValueSpecification\",\"valueRequired\":true,\"valueName\":\"search_term_string\"}}],\"inLanguage\":\"en-US\"}]}<\/script>\n<!-- \/ Yoast SEO plugin. -->","yoast_head_json":{"title":"Imprint - Ristorante il Camino","robots":{"index":"index","follow":"follow","max-snippet":"max-snippet:-1","max-image-preview":"max-image-preview:large","max-video-preview":"max-video-preview:-1"},"canonical":"https:\/\/ilcamino-noerdlingen.de\/en\/imprint\/","og_locale":"en_US","og_type":"article","og_title":"Imprint - Ristorante il Camino","og_url":"https:\/\/ilcamino-noerdlingen.de\/en\/imprint\/","og_site_name":"Ristorante il Camino","article_modified_time":"2022-01-12T15:43:44+00:00","twitter_card":"summary_large_image","twitter_misc":{"Est. reading time":"5 minutes"},"schema":{"@context":"https:\/\/schema.org","@graph":[{"@type":"WebPage","@id":"https:\/\/ilcamino-noerdlingen.de\/en\/imprint\/","url":"https:\/\/ilcamino-noerdlingen.de\/en\/imprint\/","name":"Imprint - Ristorante il Camino","isPartOf":{"@id":"https:\/\/ilcamino-noerdlingen.de\/#website"},"datePublished":"2019-12-09T13:37:27+00:00","dateModified":"2022-01-12T15:43:44+00:00","breadcrumb":{"@id":"https:\/\/ilcamino-noerdlingen.de\/en\/imprint\/#breadcrumb"},"inLanguage":"en-US","potentialAction":[{"@type":"ReadAction","target":["https:\/\/ilcamino-noerdlingen.de\/en\/imprint\/"]}]},{"@type":"BreadcrumbList","@id":"https:\/\/ilcamino-noerdlingen.de\/en\/imprint\/#breadcrumb","itemListElement":[{"@type":"ListItem","position":1,"name":"Startseite","item":"https:\/\/ilcamino-noerdlingen.de\/en\/home\/"},{"@type":"ListItem","position":2,"name":"Imprint"}]},{"@type":"WebSite","@id":"https:\/\/ilcamino-noerdlingen.de\/#website","url":"https:\/\/ilcamino-noerdlingen.de\/","name":"Ristorante il Camino","description":"","potentialAction":[{"@type":"SearchAction","target":{"@type":"EntryPoint","urlTemplate":"https:\/\/ilcamino-noerdlingen.de\/?s={search_term_string}"},"query-input":{"@type":"PropertyValueSpecification","valueRequired":true,"valueName":"search_term_string"}}],"inLanguage":"en-US"}]}},"_links":{"self":[{"href":"https:\/\/ilcamino-noerdlingen.de\/en\/wp-json\/wp\/v2\/pages\/502","targetHints":{"allow":["GET"]}}],"collection":[{"href":"https:\/\/ilcamino-noerdlingen.de\/en\/wp-json\/wp\/v2\/pages"}],"about":[{"href":"https:\/\/ilcamino-noerdlingen.de\/en\/wp-json\/wp\/v2\/types\/page"}],"author":[{"embeddable":true,"href":"https:\/\/ilcamino-noerdlingen.de\/en\/wp-json\/wp\/v2\/users\/1"}],"replies":[{"embeddable":true,"href":"https:\/\/ilcamino-noerdlingen.de\/en\/wp-json\/wp\/v2\/comments?post=502"}],"version-history":[{"count":0,"href":"https:\/\/ilcamino-noerdlingen.de\/en\/wp-json\/wp\/v2\/pages\/502\/revisions"}],"wp:attachment":[{"href":"https:\/\/ilcamino-noerdlingen.de\/en\/wp-json\/wp\/v2\/media?parent=502"}],"curies":[{"name":"wp","href":"https:\/\/api.w.org\/{rel}","templated":true}]}}